{"id":65,"date":"2026-02-08T14:36:46","date_gmt":"2026-02-08T14:36:46","guid":{"rendered":"https:\/\/graxon.hu\/?page_id=65"},"modified":"2026-02-08T14:36:46","modified_gmt":"2026-02-08T14:36:46","slug":"terms-and-conditions","status":"publish","type":"page","link":"https:\/\/graxon.hu\/index.php\/terms-and-conditions\/","title":{"rendered":"\u00c1LTAL\u00c1NOS SZERZ\u0150D\u00c9SI FELT\u00c9TELEK (\u00c1SZF)"},"content":{"rendered":"\n<p class=\"\"><strong>Hat\u00e1lyos:<\/strong>&nbsp;2026. febru\u00e1r 2-t\u0151l visszavon\u00e1sig.<\/p>\n\n\n\n<p class=\"\">\u00dcdv\u00f6z\u00f6lj\u00fck a&nbsp;<strong>Graxon Kft.<\/strong>&nbsp;weboldal\u00e1n! K\u00e9rj\u00fck, v\u00e1s\u00e1rl\u00e1s el\u0151tt figyelmesen olvassa el jelen dokumentumot, mivel a megrendel\u00e9s v\u00e9gleges\u00edt\u00e9s\u00e9vel \u00d6n elfogadja az al\u00e1bbi felt\u00e9teleket.<\/p>\n\n\n\n<p class=\"\"><strong>1. SZOLG\u00c1LTAT\u00d3 ADATAI (ELAD\u00d3)<\/strong><\/p>\n\n\n\n<ul class=\"wp-block-list\">\n<li><strong>C\u00e9gn\u00e9v:<\/strong>\u00a0GRAXON Kereskedelmi \u00e9s Szolg\u00e1ltat\u00f3 Kft.<\/li>\n\n\n\n<li><strong>Sz\u00e9khely:<\/strong>\u00a01045 Budapest, Pozsonyi utca 6. B. \u00e9p. 3. em. 45. ajt\u00f3<\/li>\n\n\n\n<li><strong>C\u00e9gjegyz\u00e9ksz\u00e1m:<\/strong>\u00a001-09-448128<\/li>\n\n\n\n<li><strong>Ad\u00f3sz\u00e1m:<\/strong>\u00a032886737-2-43<\/li>\n\n\n\n<li><strong>E-mail c\u00edm:<\/strong>\u00a0iroda@graxon.hu<\/li>\n\n\n\n<li><strong>F\u0151tev\u00e9kenys\u00e9g:<\/strong>\u00a04690&#8217;25 Vegyes term\u00e9kk\u00f6r\u0171 nagykereskedelem<\/li>\n<\/ul>\n\n\n\n<p class=\"\"><strong>2. A SZERZ\u0150D\u00c9S T\u00c1RGYA<\/strong><\/p>\n\n\n\n<p class=\"\">A Szolg\u00e1ltat\u00f3 a&nbsp;graxon.hu&nbsp;web\u00e1ruh\u00e1zban vaskoh\u00e1szati term\u00e9keket, faipari anyagokat, szersz\u00e1mokat, csiszol\u00f3- \u00e9s ragaszt\u00f3anyagokat, villamoss\u00e1gi \u00e9s PVC burkol\u00f3anyagokat, valamint kis- \u00e9s nagyg\u00e9peket \u00e9rt\u00e9kes\u00edt.<\/p>\n\n\n\n<p class=\"\"><strong>3. RENDEL\u00c9S \u00c9S VISSZAIGAZOL\u00c1S<\/strong><\/p>\n\n\n\n<p class=\"\">3.1. A v\u00e1s\u00e1rl\u00e1s regisztr\u00e1ci\u00f3val vagy regisztr\u00e1ci\u00f3 n\u00e9lk\u00fcl is lehets\u00e9ges a weboldalon kereszt\u00fcl.<br>3.2. A megrendel\u00e9s lead\u00e1sa ut\u00e1n a rendszer automatikus visszaigazol\u00e1st k\u00fcld. Ez m\u00e9g nem jelenti a szerz\u0151d\u00e9s l\u00e9trej\u00f6tt\u00e9t, csup\u00e1n a rendel\u00e9s r\u00f6gz\u00edt\u00e9s\u00e9t.<br>3.3. A szerz\u0151d\u00e9s akkor j\u00f6n l\u00e9tre, amikor a Szolg\u00e1ltat\u00f3 egy m\u00e1sodik e-mailben visszaigazolja a teljes\u00edthet\u0151s\u00e9get vagy megk\u00fcldi a d\u00edjbek\u00e9r\u0151t.<\/p>\n\n\n\n<p class=\"\"><strong>4. \u00c1RAK \u00c9S FIZET\u00c9SI M\u00d3DOK<\/strong><\/p>\n\n\n\n<p class=\"\">4.1. Az oldalon felt\u00fcntetett \u00e1rak nett\u00f3 vagy brutt\u00f3 \u00e1rak (a jelz\u00e9s szerint).<br>4.2.&nbsp;<strong>Fizet\u00e9si m\u00f3dok:<\/strong><\/p>\n\n\n\n<ul class=\"wp-block-list\">\n<li>Banki \u00e1tutal\u00e1s (D\u00edjbek\u00e9r\u0151 alapj\u00e1n).<\/li>\n\n\n\n<li>Online bankk\u00e1rty\u00e1s fizet\u00e9s.<\/li>\n\n\n\n<li>Ut\u00e1nv\u00e9t (amennyiben a term\u00e9k s\u00falya \u00e9s jellege ezt lehet\u0151v\u00e9 teszi).<\/li>\n<\/ul>\n\n\n\n<p class=\"\"><strong>5. SZ\u00c1LL\u00cdT\u00c1SI FELT\u00c9TELEK<\/strong><\/p>\n\n\n\n<p class=\"\">5.1.&nbsp;<strong>Kisebb csomagok:<\/strong>&nbsp;Fut\u00e1rszolg\u00e1lattal k\u00e9zbes\u00edtj\u00fck az orsz\u00e1g eg\u00e9sz ter\u00fclet\u00e9n.<br>5.2.&nbsp;<strong>Nagy t\u00f6meg\u0171 \u00e1ruk (Vasanyag, nagyg\u00e9pek):<\/strong>&nbsp;Tekintettel a term\u00e9kek speci\u00e1lis s\u00faly\u00e1ra \u00e9s m\u00e9ret\u00e9re, a sz\u00e1ll\u00edt\u00e1si d\u00edj egyedi kalkul\u00e1ci\u00f3t ig\u00e9nyelhet. A Szolg\u00e1ltat\u00f3 fenntartja a jogot, hogy extr\u00e9m s\u00faly eset\u00e9n a rendel\u00e9s ut\u00e1n egyeztesse a sz\u00e1ll\u00edt\u00e1si k\u00f6lts\u00e9get a Vev\u0151vel.<br>5.3.&nbsp;<strong>\u00c1tv\u00e9teli k\u00f6telezetts\u00e9g:<\/strong>&nbsp;A Vev\u0151 k\u00f6teles biztos\u00edtani a kisz\u00e1ll\u00edt\u00e1si helysz\u00ednen a teherg\u00e9pj\u00e1rm\u0171 behajt\u00e1s\u00e1t \u00e9s a biztons\u00e1gos lerakod\u00e1st.<\/p>\n\n\n\n<p class=\"\"><strong>6. EL\u00c1LL\u00c1SI JOG<\/strong><\/p>\n\n\n\n<p class=\"\">6.1.&nbsp;<strong>Fogyaszt\u00f3k (mag\u00e1nszem\u00e9lyek):<\/strong>&nbsp;A&nbsp;45\/2014. (II. 26.) Korm. rendelet&nbsp;\u00e9rtelm\u00e9ben 14 napon bel\u00fcl indokl\u00e1s n\u00e9lk\u00fcl el\u00e1llhatnak a v\u00e1s\u00e1rl\u00e1st\u00f3l.<br>6.2.&nbsp;<strong>Kiv\u00e9tel:<\/strong>&nbsp;Az el\u00e1ll\u00e1si jog nem gyakorolhat\u00f3 egyedi m\u00e9retre v\u00e1gott term\u00e9kek (pl. m\u00e9retre v\u00e1gott vasanyag, faanyag) eset\u00e9n.<br>6.3.&nbsp;<strong>V\u00e1llalkoz\u00e1sok (B2B):<\/strong>&nbsp;Gazdas\u00e1gi t\u00e1rsas\u00e1gokat (c\u00e9geket) a jogszab\u00e1ly szerinti 14 napos el\u00e1ll\u00e1si jog nem illeti meg.<\/p>\n\n\n\n<p class=\"\"><strong>7. J\u00d3T\u00c1LL\u00c1S \u00c9S GARANCIA<\/strong><\/p>\n\n\n\n<p class=\"\">7.1. A forgalmazott g\u00e9pekre a gy\u00e1rt\u00f3 \u00e1ltal meghat\u00e1rozott j\u00f3t\u00e1ll\u00e1si id\u0151 \u00e9rv\u00e9nyes (pl. Makita, Bosch, Milwaukee hivatalos garancia).<br>7.2. Garanci\u00e1lis ig\u00e9ny eset\u00e9n a V\u00e1s\u00e1rl\u00f3 k\u00f6teles bemutatni a sz\u00e1ml\u00e1t \u00e9s\/vagy a j\u00f3t\u00e1ll\u00e1si jegyet.<\/p>\n\n\n\n<p class=\"\"><strong>8. ADATV\u00c9DELEM<\/strong><\/p>\n\n\n\n<p class=\"\">A Szolg\u00e1ltat\u00f3 a birtok\u00e1ba jutott szem\u00e9lyes adatokat a GDPR \u00e9s a&nbsp;Nemzeti Adatv\u00e9delmi \u00e9s Inform\u00e1ci\u00f3szabads\u00e1g Hat\u00f3s\u00e1g&nbsp;ir\u00e1nymutat\u00e1sai szerint, bizalmasan kezeli. R\u00e9szletek az Adatkezel\u00e9si T\u00e1j\u00e9koztat\u00f3ban.<\/p>\n\n\n\n<p class=\"\"><strong>9. PANASZKEZEL\u00c9S<\/strong> A V\u00e1s\u00e1rl\u00f3 panaszaival az&nbsp;<strong>iroda@graxon.hu<\/strong>&nbsp;c\u00edmen fordulhat a Szolg\u00e1ltat\u00f3hoz. Jogvita eset\u00e9n a felek t\u00f6rekszenek a b\u00e9k\u00e9s megegyez\u00e9sre, ennek hi\u00e1ny\u00e1ban a Szolg\u00e1ltat\u00f3 sz\u00e9khelye szerint illet\u00e9kes b\u00edr\u00f3s\u00e1g d\u00f6nt.<\/p>\n","protected":false},"excerpt":{"rendered":"<p>Hat\u00e1lyos:&nbsp;2026. febru\u00e1r 2-t\u0151l visszavon\u00e1sig. \u00dcdv\u00f6z\u00f6lj\u00fck a&nbsp;Graxon Kft.&nbsp;weboldal\u00e1n! K\u00e9rj\u00fck, v\u00e1s\u00e1rl\u00e1s el\u0151tt figyelmesen olvassa el jelen dokumentumot, mivel a megrendel\u00e9s v\u00e9gleges\u00edt\u00e9s\u00e9vel \u00d6n elfogadja az al\u00e1bbi felt\u00e9teleket. 1. SZOLG\u00c1LTAT\u00d3 ADATAI (ELAD\u00d3) 2. A SZERZ\u0150D\u00c9S T\u00c1RGYA A Szolg\u00e1ltat\u00f3 a&nbsp;graxon.hu&nbsp;web\u00e1ruh\u00e1zban vaskoh\u00e1szati term\u00e9keket, faipari anyagokat, szersz\u00e1mokat, csiszol\u00f3- \u00e9s ragaszt\u00f3anyagokat, villamoss\u00e1gi \u00e9s PVC burkol\u00f3anyagokat, valamint kis- \u00e9s nagyg\u00e9peket \u00e9rt\u00e9kes\u00edt. 3. RENDEL\u00c9S \u00c9S [&hellip;]<\/p>\n","protected":false},"author":1,"featured_media":0,"parent":0,"menu_order":0,"comment_status":"closed","ping_status":"closed","template":"","meta":{"footnotes":""},"class_list":["post-65","page","type-page","status-publish","hentry"],"_links":{"self":[{"href":"https:\/\/graxon.hu\/index.php\/wp-json\/wp\/v2\/pages\/65","targetHints":{"allow":["GET"]}}],"collection":[{"href":"https:\/\/graxon.hu\/index.php\/wp-json\/wp\/v2\/pages"}],"about":[{"href":"https:\/\/graxon.hu\/index.php\/wp-json\/wp\/v2\/types\/page"}],"author":[{"embeddable":true,"href":"https:\/\/graxon.hu\/index.php\/wp-json\/wp\/v2\/users\/1"}],"replies":[{"embeddable":true,"href":"https:\/\/graxon.hu\/index.php\/wp-json\/wp\/v2\/comments?post=65"}],"version-history":[{"count":1,"href":"https:\/\/graxon.hu\/index.php\/wp-json\/wp\/v2\/pages\/65\/revisions"}],"predecessor-version":[{"id":66,"href":"https:\/\/graxon.hu\/index.php\/wp-json\/wp\/v2\/pages\/65\/revisions\/66"}],"wp:attachment":[{"href":"https:\/\/graxon.hu\/index.php\/wp-json\/wp\/v2\/media?parent=65"}],"curies":[{"name":"wp","href":"https:\/\/api.w.org\/{rel}","templated":true}]}}